{"id":2566,"date":"2022-09-15T13:11:52","date_gmt":"2022-09-15T13:11:52","guid":{"rendered":"https:\/\/commatica.es\/kupsiste-poliitika\/"},"modified":"2022-09-15T13:11:52","modified_gmt":"2022-09-15T13:11:52","slug":"kupsiste-poliitika","status":"publish","type":"page","link":"https:\/\/commatica.es\/et\/kupsiste-poliitika\/","title":{"rendered":"K\u00fcpsiste poliitika"},"content":{"rendered":"<h4>Mis on k\u00fcpsised?<\/h4>\n<p>K\u00fcpsised on tekstifailid, mis sisaldavad v\u00e4ikest teavet, mis laaditakse teie arvutisse v\u00f5i mobiilseadmesse, kui k\u00fclastate veebisaiti. K\u00fcpsised saadetakse iga j\u00e4rgneva k\u00fclastuse korral tagasi algsele veebisaidile v\u00f5i m\u00f5nele teisele veebisaidile, mis neid tunneb \u00e4ra. K\u00fcpsised on kasulikud, sest need v\u00f5imaldavad veebisaidil kasutaja seadet \u00e4ra tunda. K\u00fcpsised v\u00f5ivad t\u00e4ita erinevaid funktsioone, n\u00e4iteks v\u00f5imaldavad teil t\u00f5husalt liikuda lehek\u00fclgede vahel, m\u00e4letavad teie eelistusi ja \u00fcldiselt parandavad teie sirvimiskogemust.<\/p>\n<h4>Milliseid k\u00fcpsiseid on olemas?<\/h4>\n<p>K\u00fcpsiste t\u00fc\u00fcbid liigitatakse vastavalt neid haldavale \u00fcksusele; seega on meil oma ja kolmandate isikute k\u00fcpsised, vastavalt nende aktiveerimise perioodile, sessiooni- v\u00f5i p\u00fcsik\u00fcpsised, vastavalt nende eesm\u00e4rgile, tehnilised, personaliseerimis-, anal\u00fc\u00fcsi-, reklaami- ja k\u00e4itumisp\u00f5hised k\u00fcpsised.<\/p>\n<p>&#8211; Seansik\u00fcpsised: k\u00fcpsised, mis on m\u00f5eldud andmete kogumiseks ja s\u00e4ilitamiseks, kui kasutaja kasutab veebilehte. Seda kasutatakse sellise teabe salvestamiseks, mis on oluline ainult kasutaja poolt \u00fchekordselt taotletud teenuse osutamiseks.<\/p>\n<p>&#8211; P\u00fcsik\u00fcpsised: K\u00fcpsised, mille puhul andmed j\u00e4\u00e4vad terminali salvestatuks ning mida k\u00fcpsise eest vastutav osapool saab kasutada ja t\u00f6\u00f6delda kindlaksm\u00e4\u00e4ratud aja jooksul, mis v\u00f5ib ulatuda m\u00f5nest minutist kuni mitme aastani.<\/p>\n<p>&#8211; Tehnilised: Need v\u00f5imaldavad kasutajal sirvida veebisaiti, platvormi v\u00f5i rakendust ning kasutada seal olevaid erinevaid v\u00f5imalusi v\u00f5i teenuseid.<\/p>\n<p>&#8211; Isikup\u00e4rastamine: Need v\u00f5imaldavad kasutajale juurdep\u00e4\u00e4su teenusele teatud \u00fcldiste omadustega, mis on kasutaja terminalis eelnevalt m\u00e4\u00e4ratletud vastavalt mitmetele kriteeriumidele.<\/p>\n<p>&#8211; Anal\u00fc\u00fcs: Need v\u00f5imaldavad nende eest vastutaval osapoolel j\u00e4lgida ja anal\u00fc\u00fcsida nende veebisaitide kasutajate k\u00e4itumist, millega nad on seotud.<\/p>\n<p>&#8211; Reklaam: Need v\u00f5imaldavad v\u00f5imalikult t\u00f5husalt hallata reklaampindu, mille kirjastaja on vajaduse korral lisanud veebilehele, rakendusele v\u00f5i platvormile, mille kaudu taotletud teenust osutatakse, l\u00e4htudes sellistest kriteeriumidest nagu t\u00f6\u00f6deldud sisu v\u00f5i reklaamide n\u00e4itamise sagedus.<\/p>\n<p>&#8211; K\u00e4itumuslik reklaam: Need v\u00f5imaldavad hallata reklaampindu, mille kirjastaja on lisanud veebisaidil, rakenduses v\u00f5i platvormil, mille kaudu taotletud teenust osutatakse. Kasutajate k\u00e4itumist k\u00e4sitlev teave, mis on saadud nende sirvimisharjumuste pideva j\u00e4lgimise kaudu, salvestatakse koos nendega, mis v\u00f5imaldab v\u00e4lja t\u00f6\u00f6tada konkreetse profiili, et kuvada sellel p\u00f5hinevat reklaami.<\/p>\n<h4>Milliseid k\u00fcpsiseid see veebisait kasutab?<\/h4>\n<p>&nbsp;<\/p>\n<table>\n<tbody>\n<tr>\n<td>DENOMINATSIOON<\/td>\n<td>TEHNILINE NIMI<\/td>\n<td>PURPOSE<\/td>\n<td>KIRJELDUS<\/td>\n<td>PIDAMISE AJALUGU<\/td>\n<td>ENTITY<\/td>\n<\/tr>\n<tr>\n<td>Tehnik<\/td>\n<td>aviaPrivacyVideoEmbedsDisabled<\/td>\n<td>Tehnika<\/td>\n<td>Video sisseehitamine<\/td>\n<td>1 aasta<\/td>\n<td>kolmas<\/td>\n<\/tr>\n<tr>\n<td>Tehnik<\/td>\n<td>aviaPrivacyGoogleMapsDisabled<\/td>\n<td>Tehnika<\/td>\n<td>Google Maps<\/td>\n<td>1 aasta<\/td>\n<td>kolmas<\/td>\n<\/tr>\n<tr>\n<td>Tehnik<\/td>\n<td>aviaPrivaatsusGoogleWebfontsPuudutatud<\/td>\n<td>Tehnika<\/td>\n<td>Google Web Fonts<\/td>\n<td>1 aasta<\/td>\n<td>kolmas<\/td>\n<\/tr>\n<tr>\n<td>Tehnik<\/td>\n<td>aviaPrivacyGoogleTrackingDisabled<\/td>\n<td>Tehnika<\/td>\n<td>Google j\u00e4lgimine<\/td>\n<td>1 aasta<\/td>\n<td>kolmas<\/td>\n<\/tr>\n<tr>\n<td>J\u00e4lgimine<\/td>\n<td>aviaPrivacyEssentialCookiesEnabled<\/td>\n<td>J\u00e4lgimine<\/td>\n<td>Seansi ID<\/td>\n<td>1 aasta<\/td>\n<td>kolmas<\/td>\n<\/tr>\n<tr>\n<td>J\u00e4lgimine<\/td>\n<td>aviaPrivacyMustOptInSetting<\/td>\n<td>J\u00e4lgimine<\/td>\n<td>Seansi ID<\/td>\n<td>1 aasta<\/td>\n<td>veebileht<\/td>\n<\/tr>\n<tr>\n<td>Tehnik<\/td>\n<td>aviaPrivacyGoogleReCaptchaDisabled<\/td>\n<td>Tehnika<\/td>\n<td>Google reCaptcha<\/td>\n<td>1 aasta<\/td>\n<td>veebileht<\/td>\n<\/tr>\n<tr>\n<td>J\u00e4lgimine<\/td>\n<td>aviaCookieConsent<\/td>\n<td>J\u00e4lgimine<\/td>\n<td>Seansi ID<\/td>\n<td>1 aasta<\/td>\n<td>veebileht<\/td>\n<\/tr>\n<tr>\n<td>J\u00e4lgimine<\/td>\n<td>aviaPrivacyRefuseCookiesHideBar<\/td>\n<td>J\u00e4lgimine<\/td>\n<td>Seansi ID<\/td>\n<td>1 aasta<\/td>\n<td>veebileht<\/td>\n<\/tr>\n<tr>\n<td><\/td>\n<td><\/td>\n<td><\/td>\n<td><\/td>\n<td><\/td>\n<td><\/td>\n<\/tr>\n<\/tbody>\n<\/table>\n<p>&nbsp;<\/p>\n<p>Commatica kasutab Google Analyticsi k\u00fcpsiseid, nende k\u00fcpsiste konfiguratsioon on ette m\u00e4\u00e4ratud Google&#8217;i pakutava teenuse poolt, mist\u00f5ttu soovitame teil tutvuda Google Analyticsi privaatsuslehega,<a href=\"http:\/\/www.google.es\/intl\/es_ALL\/analytics\/learn\/privacy.html\">  http:\/\/www.google.es\/intl\/es_ALL\/analytics\/learn\/privacy.html<\/a>  lisateavet kasutatavate k\u00fcpsiste kohta ja nende keelamise kohta (eeldusel, et me ei vastuta kolmandate osapoolte veebisaitide sisu v\u00f5i t\u00e4psuse eest).<\/p>\n<p>Facebooki pikslid: Facebooki pikslid on v\u00e4ikesed programmid, mis loovad lingi meie saidi k\u00fclastuse ja Facebooki vahel. Piksli laadimisel paigutab Facebook teie arvutisse k\u00fcpsise nimega &#8220;fr&#8221;, mis v\u00f5imaldab pakkuda teile rohkem personaliseeritud reklaame, aga ka hinnata ja parandada reklaame. See k\u00fcpsis kestab 90 p\u00e4eva. Lisateavet Facebooki k\u00fcpsiste kohta leiate aadressil: https:\/\/www.facebook.com\/policies\/cookies\/. Pange t\u00e4hele, et kui fr-k\u00fcpsis on seatud, saab Facebook j\u00e4lgida teie sirvimismustreid teistel veebisaitidel, mis on rakendanud Facebooki piksli v\u00f5i sotsiaalse pistikprogrammi (nt kolmandate osapoolte veebisaidid).<\/p>\n<p>GoogleAds Pixel: Google Ads piksel on anal\u00fc\u00fcsivahend, mis v\u00f5imaldab meil m\u00f5ista kasutajate k\u00e4itumist meie veebisaidil ja seega m\u00f5\u00f5ta meie reklaamikampaaniate t\u00f5husust. See k\u00fcpsis kestab 90 p\u00e4eva. Lisateavet Google&#8217;i reklaamik\u00fcpsiste kohta leiate aadressil: <a href=\"https:\/\/policies.google.com\/privacy\">https:\/\/policies.google.com\/privacy<\/a>.<\/p>\n<h4>K\u00fcpsiste deaktiveerimine.<\/h4>\n<p>Kasutajad v\u00f5ivad vabalt otsustada, kas nad soovivad meie k\u00fcpsiseid oma k\u00f5vakettale paigaldada v\u00f5i mitte, samuti v\u00f5ivad nad neid kustutada, j\u00e4rgides oma brauseri abiosas kehtestatud korda. Kasutajad saavad ka oma brauseri seadistada nii, et ta vaikimisi aktsepteerib v\u00f5i l\u00fckkab tagasi k\u00f5ik k\u00fcpsised v\u00f5i saab ekraanil hoiatuse iga k\u00fcpsise vastuv\u00f5tmisest ja otsustab sel ajal, kas ta soovib neid oma k\u00f5vakettale paigaldada v\u00f5i mitte.<\/p>\n<p>Allpool on esitatud lingid seadmete tootjate ja brauserite kohta, kuidas hallata v\u00f5i keelata k\u00fcpsiste kasutamine teie brauseris:<\/p>\n<p>&#8211; Internet Explorerile:<\/p>\n<p><a href=\"http:\/\/windows.microsoft.com\/es-es\/windows7\/how-to-manage-cookies-in-internet-explorer-9\">http:\/\/windows.microsoft.com\/es-es\/windows7\/how-to-manage-cookies-in-internet-explorer-9<\/a><\/p>\n<p>&#8211; Chrome&#8217;i jaoks:<\/p>\n<p><a href=\"https:\/\/support.google.com\/chrome\/answer\/95647?hl=es\">https:\/\/support.google.com\/chrome\/answer\/95647?hl=es<\/a><\/p>\n<p>&#8211; Safari jaoks:<\/p>\n<p><a href=\"http:\/\/support.apple.com\/kb\/HT1677?viewlocale=es_ES\">http:\/\/support.apple.com\/kb\/HT1677?viewlocale=es_ES<\/a><\/p>\n<p>&#8211; Firefoxi jaoks:<\/p>\n<p><a href=\"https:\/\/support.mozilla.org\/es\/kb\/Borrar%20cookies\">https:\/\/support.mozilla.org\/es\/kb\/Borrar%20cookies<\/a><\/p>\n<p>&#8211; Ooperi jaoks:<\/p>\n<p><a href=\"http:\/\/help.opera.com\/Linux\/10.60\/es-ES\/cookies.html\">http:\/\/help.opera.com\/Linux\/10.60\/es-ES\/cookies.html<\/a><\/p>\n<p>Kui soovite k\u00fcpsiste paigaldamise \u00fcle suuremat kontrolli, v\u00f5ite paigaldada oma brauserisse programme v\u00f5i lisaseadmeid, mida nimetatakse &#8220;\u00c4ra j\u00e4lgi&#8221; vahenditeks, mis v\u00f5imaldavad teil valida, milliseid k\u00fcpsiseid soovite lubada.<\/p>\n<p>K\u00fcpsiste kasutamine pakub info\u00fchiskonna teenuste osutamisel mitmeid eeliseid, kuna muu hulgas: (i) h\u00f5lbustab kasutajale veebisaidil navigeerimist ja juurdep\u00e4\u00e4su erinevatele pakutavatele teenustele; (ii) takistab kasutajat seadistamast etteantud \u00fcldisi funktsioone iga kord, kui ta veebilehele siseneb; (iii) edendab veebisaidi toimimise ja selle kaudu pakutavate teenuste parandamist.<\/p>\n<p>Kui te seadistate oma brauseri nii, et see keeldub k\u00f5ikidest k\u00fcpsistest v\u00f5i l\u00fckkab meie k\u00fcpsised tagasi, ei pruugi teil olla v\u00f5imalik kasutada m\u00f5ningaid teenuseid ja teie kasutuskogemus meie veebisaidil v\u00f5ib olla v\u00e4hem rahuldav.<\/p>\n<p>COMMATICA ei kogu ega salvesta teie isikuandmeid (n\u00e4iteks teie nime v\u00f5i aadressi), nii et neid andmeid ei saa kasutada teie tuvastamiseks.<\/p>\n","protected":false},"excerpt":{"rendered":"<p>Mis on k\u00fcpsised? K\u00fcpsised on tekstifailid, mis sisaldavad v\u00e4ikest teavet, mis laaditakse teie arvutisse v\u00f5i mobiilseadmesse, kui k\u00fclastate veebisaiti. K\u00fcpsised saadetakse iga j\u00e4rgneva k\u00fclastuse korral tagasi algsele veebisaidile v\u00f5i m\u00f5nele teisele veebisaidile, mis neid tunneb \u00e4ra. K\u00fcpsised on kasulikud, sest need v\u00f5imaldavad veebisaidil kasutaja seadet \u00e4ra tunda. K\u00fcpsised v\u00f5ivad t\u00e4ita erinevaid funktsioone, n\u00e4iteks v\u00f5imaldavad teil [&hellip;]<\/p>\n","protected":false},"author":1,"featured_media":0,"parent":0,"menu_order":0,"comment_status":"closed","ping_status":"closed","template":"","meta":{"footnotes":""},"class_list":["post-2566","page","type-page","status-publish","hentry"],"yoast_head":"<!-- This site is optimized with the Yoast SEO Premium plugin v20.6 (Yoast SEO v24.7) - https:\/\/yoast.com\/wordpress\/plugins\/seo\/ -->\n<title>K\u00fcpsiste poliitika<\/title>\n<meta name=\"description\" content=\"Commatica Soluciones Tecnol\u00f3gicas empresa con m\u00e1s de 20 a\u00f1os de experiencia en el desarrollo Web, Aplicaciones y Marketing Online. Somos especialistas en la integraci\u00f3n de Comercio Electr\u00f3nico con el ERP (programa de gesti\u00f3n empresarial), marketing online, Branding Digital, gesti\u00f3n de procesos y Posicionamiento SEO\" \/>\n<meta name=\"robots\" content=\"noindex, follow\" \/>\n<meta property=\"og:locale\" content=\"et_EE\" \/>\n<meta property=\"og:type\" content=\"article\" \/>\n<meta property=\"og:title\" content=\"K\u00fcpsiste poliitika | Commatica\" \/>\n<meta property=\"og:description\" content=\"Commatica Soluciones Tecnol\u00f3gicas empresa con m\u00e1s de 20 a\u00f1os de experiencia en el desarrollo Web, Aplicaciones y Marketing Online. Somos especialistas en la integraci\u00f3n de Comercio Electr\u00f3nico con el ERP (programa de gesti\u00f3n empresaril), marketing online, Branding Digital, gesti\u00f3n de procesos y Posicionamiento SEO\" \/>\n<meta property=\"og:url\" content=\"https:\/\/commatica.es\/et\/kupsiste-poliitika\/\" \/>\n<meta property=\"og:site_name\" content=\"Commatica\" \/>\n<meta property=\"article:publisher\" content=\"https:\/\/www.facebook.com\/commatica\" \/>\n<meta name=\"twitter:card\" content=\"summary_large_image\" \/>\n<meta name=\"twitter:site\" content=\"@CommaticaSL\" \/>\n<meta name=\"twitter:label1\" content=\"Est. reading time\" \/>\n\t<meta name=\"twitter:data1\" content=\"5 minutit\" \/>\n<!-- \/ Yoast SEO Premium plugin. -->","yoast_head_json":{"title":"K\u00fcpsiste poliitika","description":"Commatica Soluciones Tecnol\u00f3gicas empresa con m\u00e1s de 20 a\u00f1os de experiencia en el desarrollo Web, Aplicaciones y Marketing Online. Somos especialistas en la integraci\u00f3n de Comercio Electr\u00f3nico con el ERP (programa de gesti\u00f3n empresarial), marketing online, Branding Digital, gesti\u00f3n de procesos y Posicionamiento SEO","robots":{"index":"noindex","follow":"follow"},"og_locale":"et_EE","og_type":"article","og_title":"K\u00fcpsiste poliitika | Commatica","og_description":"Commatica Soluciones Tecnol\u00f3gicas empresa con m\u00e1s de 20 a\u00f1os de experiencia en el desarrollo Web, Aplicaciones y Marketing Online. Somos especialistas en la integraci\u00f3n de Comercio Electr\u00f3nico con el ERP (programa de gesti\u00f3n empresaril), marketing online, Branding Digital, gesti\u00f3n de procesos y Posicionamiento SEO","og_url":"https:\/\/commatica.es\/et\/kupsiste-poliitika\/","og_site_name":"Commatica","article_publisher":"https:\/\/www.facebook.com\/commatica","twitter_card":"summary_large_image","twitter_site":"@CommaticaSL","twitter_misc":{"Est. reading time":"5 minutit"},"schema":{"@context":"https:\/\/schema.org","@graph":[{"@type":"TechArticle","@id":"https:\/\/commatica.es\/et\/kupsiste-poliitika\/#article","isPartOf":{"@id":"https:\/\/commatica.es\/et\/kupsiste-poliitika\/"},"author":{"name":"gestor","@id":"https:\/\/commatica.es\/et\/#\/schema\/person\/1257b6160f0bf87c7bfa0fe01303224e"},"headline":"K\u00fcpsiste poliitika","datePublished":"2022-09-15T13:11:52+00:00","mainEntityOfPage":{"@id":"https:\/\/commatica.es\/et\/kupsiste-poliitika\/"},"wordCount":960,"publisher":{"@id":"https:\/\/commatica.es\/et\/#organization"},"inLanguage":"et"},{"@type":"WebPage","@id":"https:\/\/commatica.es\/et\/kupsiste-poliitika\/","url":"https:\/\/commatica.es\/et\/kupsiste-poliitika\/","name":"K\u00fcpsiste poliitika","isPartOf":{"@id":"https:\/\/commatica.es\/et\/#website"},"datePublished":"2022-09-15T13:11:52+00:00","description":"Commatica Soluciones Tecnol\u00f3gicas empresa con m\u00e1s de 20 a\u00f1os de experiencia en el desarrollo Web, Aplicaciones y Marketing Online. Somos especialistas en la integraci\u00f3n de Comercio Electr\u00f3nico con el ERP (programa de gesti\u00f3n empresarial), marketing online, Branding Digital, gesti\u00f3n de procesos y Posicionamiento SEO","breadcrumb":{"@id":"https:\/\/commatica.es\/et\/kupsiste-poliitika\/#breadcrumb"},"inLanguage":"et","potentialAction":[{"@type":"ReadAction","target":["https:\/\/commatica.es\/et\/kupsiste-poliitika\/"]}]},{"@type":"BreadcrumbList","@id":"https:\/\/commatica.es\/et\/kupsiste-poliitika\/#breadcrumb","itemListElement":[{"@type":"ListItem","position":1,"name":"Portada","item":"https:\/\/commatica.es\/et\/"},{"@type":"ListItem","position":2,"name":"K\u00fcpsiste poliitika"}]},{"@type":"WebSite","@id":"https:\/\/commatica.es\/et\/#website","url":"https:\/\/commatica.es\/et\/","name":"Commatica Soluciones Tecnol\u00f3gicas","description":"Desarrollo Web, App y Marketing Online","publisher":{"@id":"https:\/\/commatica.es\/et\/#organization"},"potentialAction":[{"@type":"SearchAction","target":{"@type":"EntryPoint","urlTemplate":"https:\/\/commatica.es\/et\/?s={search_term_string}"},"query-input":{"@type":"PropertyValueSpecification","valueRequired":true,"valueName":"search_term_string"}}],"inLanguage":"et"},{"@type":"Organization","@id":"https:\/\/commatica.es\/et\/#organization","name":"Commatica Soluciiones Inform\u00e1ticas","url":"https:\/\/commatica.es\/et\/","logo":{"@type":"ImageObject","inLanguage":"et","@id":"https:\/\/commatica.es\/et\/#\/schema\/logo\/image\/","url":"https:\/\/commatica.es\/wp-content\/uploads\/2023\/02\/commatica_2.jpg","contentUrl":"https:\/\/commatica.es\/wp-content\/uploads\/2023\/02\/commatica_2.jpg","width":500,"height":500,"caption":"Commatica Soluciiones Inform\u00e1ticas"},"image":{"@id":"https:\/\/commatica.es\/et\/#\/schema\/logo\/image\/"},"sameAs":["https:\/\/www.facebook.com\/commatica","https:\/\/x.com\/CommaticaSL","https:\/\/www.instagram.com\/commatica_web_marketing\/","https:\/\/www.linkedin.com\/company\/commatica-soluciones-informatica-s.l.","https:\/\/www.tiktok.com\/@commatica"]},{"@type":"Person","@id":"https:\/\/commatica.es\/et\/#\/schema\/person\/1257b6160f0bf87c7bfa0fe01303224e","name":"gestor","sameAs":["http:\/\/commatica.es"],"url":"https:\/\/commatica.es\/et\/author\/gestor\/"}]}},"_links":{"self":[{"href":"https:\/\/commatica.es\/et\/wp-json\/wp\/v2\/pages\/2566","targetHints":{"allow":["GET"]}}],"collection":[{"href":"https:\/\/commatica.es\/et\/wp-json\/wp\/v2\/pages"}],"about":[{"href":"https:\/\/commatica.es\/et\/wp-json\/wp\/v2\/types\/page"}],"author":[{"embeddable":true,"href":"https:\/\/commatica.es\/et\/wp-json\/wp\/v2\/users\/1"}],"replies":[{"embeddable":true,"href":"https:\/\/commatica.es\/et\/wp-json\/wp\/v2\/comments?post=2566"}],"version-history":[{"count":0,"href":"https:\/\/commatica.es\/et\/wp-json\/wp\/v2\/pages\/2566\/revisions"}],"wp:attachment":[{"href":"https:\/\/commatica.es\/et\/wp-json\/wp\/v2\/media?parent=2566"}],"curies":[{"name":"wp","href":"https:\/\/api.w.org\/{rel}","templated":true}]}}